{"id":2669,"date":"2018-12-14T15:20:43","date_gmt":"2018-12-14T15:20:43","guid":{"rendered":"https:\/\/stanfordmusic.lv\/?page_id=2669"},"modified":"2020-11-23T14:33:50","modified_gmt":"2020-11-23T12:33:50","slug":"terms-of-service","status":"publish","type":"page","link":"https:\/\/stanfordmusic.lv\/en\/terms-of-service\/","title":{"rendered":"Terms of Service"},"content":{"rendered":"\n  <div id=\"page-header-143589553\" class=\"page-header-wrapper\">\n  <div class=\"page-title dark featured-title\">\n\n        <div class=\"page-title-bg\">\n      <div class=\"title-bg fill bg-fill\"\n        data-parallax-container=\".page-title\"\n        data-parallax-background\n        data-parallax=\"-\">\n      <\/div>\n      <div class=\"title-overlay fill\"><\/div>\n    <\/div>\n    \n    <div class=\"page-title-inner container align-center text-center flex-row-col medium-flex-wrap\" >\n            <div class=\"title-content flex-col\">\n              <\/div>\n    <\/div>\n\n     \n<style>\n#page-header-143589553 .page-title-inner {\n  min-height: 95px;\n}\n#page-header-143589553 {\n  margin-bottom: 50px;\n}\n#page-header-143589553 .title-bg {\n  background-image: url(https:\/\/stanfordmusic.lv\/wp-content\/uploads\/2019\/02\/t\u0161ello-scaled.jpg);\n}\n<\/style>\n  <\/div>\n    <\/div>\n  \n\n<div class=\"itemHeader\">\n<h2 class=\"itemTitle\">Terms of Service<\/h2>\n<\/div>\n<div class=\"itemBody\">\n<div class=\"itemFullText\">\n<div class=\"article-content\">\n<p>After finalizing your order, a confirmation e-mail will be sent, which will include the necessary information for making a bank transfer. The goods will be sent to your address, once 100% payment for your order has been received. All prices are in Euro-s and include VAT (21%), unless otherwise noted.<br>Final invoice will be issued and sent with the goods to the recepient. Invoice is also the proof of purchase and document for warranty. Transportation costs will be added to the shipment and can be seen on the order. Transportation costs will not be added, if the customer picks up their purchase at a Stanford Music store in Riga.<\/p>\n<p>Pictures on the website are illustrative and might differ from the actual product. If you have doubt, please contact us or visit the official website of the manufacturer. Please check that your contact info and shipping address is correct, before finalizing the order. The goods will be sent to the address marked on the order.<\/p>\n<p>Personal data entered during the order will remain classified under terms of <a href=\"https:\/\/stanfordmusic.lv\/en\/products\/privacy-policy\">Stanford Music privacy policy<\/a> . Access will be provided for Stanford Music employees or required third party companies (courier or postal service) directly involved with the order process.<\/p>\n<p>Green (&nbsp;<img decoding=\"async\" src=\"https:\/\/stanfordmusic.lv\/images\/stock_green.jpg\" alt=\"\"> )stock&nbsp; status on product pages symbolizes the presence of this product in our stores or warehouse. Delivery time for these products domestically is usually 1-3 working days. If you choose to pick up the shipment yourself at a Stanford Music store, please wait until you receive an e-mail from us to confirm, before coming to pick up the goods. This might take as long as 1-7 working days.<\/p>\n<p>Red (&nbsp;<img decoding=\"async\" src=\"https:\/\/stanfordmusic.lv\/images\/outofstock.jpg\" alt=\"\"> )&nbsp; stock status means that the product is currently not in stock, but is available to order. The delivery and order time will be specified after your inquiry. After you confirm, you will be sent an order invoice and after 50% payment is received, you order will be processed.<\/p>\n<p>If payment for an order is not received in 10 days starting from the placement of the order, then the order will be cancelled.<\/p>\n<hr>\n<h3><strong>Terms of warranty and returns<\/strong><\/h3>\n<p><span id=\"result_box\"><span title=\"Kui e-poest ostetud kaup teile mingil p\u00f5hjusel ei sobi, siis on teil v\u00f5imalus 14 p\u00e4eva jooksul toode tagastada v\u00f5i v\u00e4lja vahetada.\">If the goods you purchased online are not suitable for any reason, you have the chance to return the product within 14 days or have it replaced<\/span><\/span>. Money will be wired to your bank account in 10 days after receiving the returned product. <span id=\"result_box\"><span title=\"Tagastatav kaup ei tohi olla kasutatud ja peab olema originaalpakendis.\">Returned goods must not be used and must be in their original packaging. <\/span><span title=\"Kindlasti peab Teil alles olema ostudokument.\">You must be sure that you also have the proof of purchase (final invoice).<br><\/span><span title=\"Vastavalt V\u00d5S \u00a7 194 lg 4 tasub kauba tagastamise kulud \u20ac10.- ulatuses tarbija.\">According to European and Latvian Laws return costs up to \u20ac 10 will have to be payed by the consumer.<\/span><\/span><\/p>\n<p>The return of products bought from our retail stores, which have not faults or defects, <span id=\"result_box\"><span title=\"Tavakauplusest ostetud kvaliteetse (ilma puudusteta) kauba \u00fcmbervahetamine s\u00f5ltub konkreetse poe ja tarbija vahelisest kokkuleppest, kuid Stanford Music pole kohustatud ostetud toodet vastavalt seadustele \u00fcmber vahetama ega raha tagastama.\">depends on the specific agreement between the consumer and the store, but Stanford Music is not required by law, to re-exchange or refund the product purchased.<\/span><\/span><\/p>\n<p>New products sold by Stanford Music all have a <span id=\"result_box\"><span title=\"Stanford Music poolt m\u00fc\u00fcdud uutele toodetele kehtib V\u00d5S \u00a7-s 218 lg 2 s\u00e4testatud 2-aastane pretensioonide esitamise t\u00e4htaeg.\">2-year deadline for filing claims. <\/span><\/span><span id=\"result_box\"><span title=\"Pretensioonide esitamise periood hakkab kehtima kliendile kauba v\u00e4ljastamise hetkel koostatud saatedokumendil n\u00e4idatud kuup\u00e4evast.\">Claims Period will start at the time of the goods are invoiced and\/or sent out to the customer. <\/span><\/span><span id=\"result_box\"><span title=\"Garantiiaja jooksul on ostjal \u00f5igus toote tasuta garantiiremondile.\">During the warranty period the purchaser of the product has a right for free warranty repair service. <\/span><span title=\"Kui toodet ei ole v\u00f5imalik remontida, on kliendil \u00f5igus n\u00f5uda toote asendamist.\">If the product can not be repaired, the customer has the right to request replacement product. <\/span><\/span>Warranty covers all <span id=\"result_box\"><span title=\"Garantii katab k\u00f5ik materjali- ja tootmisvead ning korvab nii t\u00f6\u00f6 kui ka varuosade maksumuse, kui viga on tekkinud tootja s\u00fc\u00fcl.\">defects in materials and production and will cover the cost of both labor and spare parts, if the error was caused by the fault of the manufacturer.<\/span><\/span><span id=\"result_box\"><span title=\"Garantii kehtib eeldusel, et toodet on kasutatud \u00fcksnes selleks etten\u00e4htud tingimustes.\">The warranty is valid provided that the product has been used only for the purpose it was meant and produced for. <\/span><span title=\"Garantii ei kata kahjustusi v\u00f5i vigastusi, mis on p\u00f5hjustatud v\u00e4\u00e4rkohtlemisest v\u00f5i valest k\u00e4sitsemisest.\">The warranty does not cover damage or injury caused by abuse or improper handling. <\/span><span title=\"Garantii alla ei kuulu ka liikuvate mehaaniliste detailide kulumine.\">Warranty does not cover moving mechanical parts wear over time. <\/span><\/span><\/p>\n<p><span id=\"result_box\"><span title=\"Garantii kehtib \u00fcksnes originaal ostudokumendi esitamisel.\">The original proof of purchase document (final invoice) has to be presented for the warranty to apply. <\/span><\/span><span id=\"result_box\"><span title=\"Garantiiaeg katkeb ning tasuta garantiiteenused kaotavad kehtivuse juhul, kui:\">The warranty is canceled and free warranty services will expire if:<br><\/span><span title=\"a) toodet Stanford Music kauplusesse garantiiremonti tuues ei ole ette n\u00e4idata remonti vajava toote ostudokumenti;\">a) <\/span><\/span><span id=\"result_box\"><span title=\"Garantii kehtib \u00fcksnes originaal ostudokumendi esitamisel.\">The original proof of purchase document (final invoice) is not presented;<\/span><\/span><br><span id=\"result_box\"><span title=\"b) toote seerianumber on muudetud, eemaldatud v\u00f5i mitteloetav;\">b) The serial number has been changed, removed, or impossible to read;<br><\/span><span title=\"c) toote defekt ilmnes omaniku s\u00fc\u00fcl eba\u00f5ige ekspluateerimise tulemusena, instruktsiooni mittej\u00e4lgimisel, v\u00f5i toote mittehoolikal hoidmisel tekkinud vigade korral.\">c) The defect occurred as a result of incorrect operation of, not following the instructions in product manual, or incorrect handling and safekeeping of the product.<\/span><\/span><span id=\"result_box\"><\/span><\/p>\n<p><span id=\"result_box\"><span title=\"c) toote defekt ilmnes omaniku s\u00fc\u00fcl eba\u00f5ige ekspluateerimise tulemusena, instruktsiooni mittej\u00e4lgimisel, v\u00f5i toote mittehoolikal hoidmisel tekkinud vigade korral.\"><br><\/span><span title=\"Juhul kui ostetud kaubal ilmneb puudus, mis kuulub garantii alla v\u00f5i mille eest vastutab m\u00fc\u00fcja, v\u00f5tke \u00fchendust l\u00e4hima Stanford Music O\u00dc kauplusega.\">If you discover a defect on a product purchased from our stores, which falls under the warranty conditions listed above, please contact your nearest Stanford Music store or e-mail us!<\/span><\/span><\/p>\n<hr>\n<h3><strong>Buyers rights &amp; obligations<\/strong><\/h3>\n<p><span id=\"result_box\"><span title=\"Ostjal on \u00f5igus n\u00f5uda tellimuse t\u00fchistamist ja raha tagasimaksmist, kui M\u00fc\u00fcja ei suuda lubatud perioodi jooksul tellimust t\u00e4ita.\">The buyer is entitled to demand the cancellation of his\/her order with refund, if the seller fails to deliver the goods within the period agreed upon. <\/span><span title=\"Ostjal o\u00adn \u00f5igus M\u00fc\u00fcjalt infot k\u00fcsida.\">The buyer has right to ask information from the seller at all times.<\/span><\/span><br><span id=\"result_box\"><span title=\"Ostja on kohustatud tutvuma privaatsuspoliitika ja m\u00fc\u00fcgi ning garantii tingimustega.\">The buyer is obliged to read the privacy policy, terms of sale and warranty information.<\/span><\/span><br><span id=\"result_box\"><span title=\"Ostja on kohustatud eelnevalt veenduma, et toode vastab tema soovidele.\">The purchaser is required to first acknowledge himself\/herself that the product meets his requiremets and needs. <\/span><span title=\"Selleks v\u00f5ib infot hankida tootja kodulehelt v\u00f5i k\u00fcsida infot Stanford Music poodidest (ka veebipoe e-maili aadressilt epood(at)stanfordmusic.ee)\">Further information about products can be obtained from the manufacturer&#8217;s website or from Stanford Music stores, including the online shop (e-mail: veikals(at)stanfordmusic.lv)<br><\/span><span title=\"Ostja on kohustatud tutvuma kauba transpordi hindade ning tingimustega.\">The purchaser is obliged to examine the <a href=\"https:\/\/stanfordmusic.lv\/en\/products\/shipping-info\">transportation costs and conditions<\/a>.<\/span><\/span><\/p>\n<h3><strong>Rights and obligations of the seller<\/strong><\/h3>\n<p><span id=\"result_box\" class=\"long_text\"><span class=\"hps\">The seller has the<\/span> <span class=\"hps\">right to change<\/span> <span class=\"hps\">delivery times<\/span>, if the manufacturer\u00b4s <span class=\"hps\">inventories<\/span> <span class=\"hps\">are<\/span> <span class=\"hps\">depleted, and<\/span> <span class=\"hps\">it<\/span> <span class=\"hps\">is not possible<\/span> <span class=\"hps\">to deliver the goods in time<\/span>. <span class=\"hps\">In this case,<\/span> <span class=\"hps\">the Purchaser<\/span> <span class=\"hps\">shall notify<\/span> <span class=\"hps\">the Seller<\/span> <span class=\"hps\">as soon as possible<\/span> about the <span class=\"hps alt-edited\">exceeded<\/span> <span class=\"hps\">delivery<\/span> time and <span class=\"hps\">if the buyer<\/span><span class=\"hps\">does not want<\/span> <span class=\"hps\">to wait any longer<\/span> <span class=\"hps\">or<\/span> <span class=\"hps\">does not wish to replace the product with any other<\/span> <span class=\"hps\">product<\/span>, <span class=\"hps\">shall be<\/span> <span class=\"hps\">refunded.<\/span><\/span><\/p>\n<p><span id=\"result_box\" class=\"long_text\"><span class=\"hps\">Seller reserves the right<\/span> <span class=\"hps\">to terminate the order<\/span>, if <span class=\"hps\">the product is no longer available to order. <\/span><span class=\"hps\">In that event<\/span> <span class=\"hps\">the Purchaser<\/span> <span class=\"hps\">will be notified and refunded for the purchase. <\/span><br><span class=\"hps\">The seller has the<\/span> <span class=\"hps\">right to change<\/span> <span class=\"hps\">prices<\/span>, texts and delivery times of products on the web-site <span class=\"hps\">without notice<\/span>.<\/span><br><span id=\"result_box\" class=\"long_text\"><span class=\"hps\">The seller<\/span> <span class=\"hps\">has to bear<\/span> <span class=\"hps\">the cost<\/span> <span class=\"hps\">of returning the goods<\/span> <span class=\"hps\">if delivery time<\/span> <span class=\"hps\">is exceeded<\/span> and <span class=\"hps\">the<\/span> <span class=\"hps\">buyer<\/span> <span class=\"hps\">has decided to<\/span> <span class=\"hps\">cancel the order<\/span>.<\/span> Refund for this cancelled order has to be made as soon as possible, but no later than 30 days.<br><span id=\"result_box\" class=\"long_text\"><span class=\"hps\">The seller<\/span> <span class=\"hps\">is required to<\/span> give warranty for <span class=\"hps\">the goods<\/span> it sells, <span class=\"hps\">if<\/span> <span class=\"hps\">the buyer<\/span> <span class=\"hps\">has not violated the<\/span> <span class=\"hps\">warranty terms and conditions.<\/span><\/span><br><span id=\"result_box\" class=\"long_text\"><span class=\"hps\">The seller<\/span> <span class=\"hps\">is required to<\/span> <span class=\"hps\">repair or replace<\/span> <span class=\"hps\">defective products, which are under their warranty.<\/span> <span class=\"hps\">If<\/span> <span class=\"hps\">this is impossible<\/span>, <span class=\"hps\">the seller is required<\/span><span class=\"hps\">as soon as possible<\/span> <span class=\"hps\">to return the<\/span> <span class=\"hps\">money<\/span> <span class=\"hps\">paid by the buyer<\/span>, but no later <span class=\"hps\">than 30<\/span> <span class=\"hps\">days after<\/span> <span class=\"hps\">receipt of the<\/span> warranty <span class=\"hps\">examination<\/span> <span class=\"hps\">results<\/span>.<\/span><br><span id=\"result_box\" class=\"long_text\"><span class=\"hps\">The seller<\/span> <span class=\"hps\">is responsible<\/span> <span class=\"hps\">for the goods<\/span> <span class=\"hps\">until their<\/span> <span class=\"hps\">delivery to<\/span> <span class=\"hps\">the customer.<\/span><\/span><\/p>\n<h3>S<span class=\"long_text\"><span class=\"hps\">ettlement of disagreements<\/span><\/span><\/h3>\n<p>The s<span id=\"result_box\" class=\"long_text\"><span class=\"hps\">ettlement of disagreements<\/span> <span class=\"hps\">in this agreement shall<\/span> <span class=\"hps\">be resolved<\/span> <span class=\"hps\">according<\/span> <span class=\"hps\">to the laws<\/span> <span class=\"hps\">applicable in the Republic<\/span> <span class=\"hps\">of Latvia<\/span>.<\/span><\/p>\n<h3><strong>Stanford Music contact\/information:<\/strong><\/h3>\n<p><strong>Address: <\/strong>Dzirnavu 113 , LV1011 Riga<br><strong>Tel: <\/strong>+371 2200 7337<\/p>\n<div><strong>Tallinn store e-mail: <\/strong>veikals(at)stanfordmusic.lv<\/div>\n<div><strong>E-store e-mail: <\/strong>veikals(at)stanfordmusic.lv<\/div>\n<div><strong>Opening times:<\/strong><\/div>\n<div>Mon-Fri: 10-19<\/div>\n<div>Sat: 11-16<\/div>\n<div>Sun: Closed<\/div>\n<div>&nbsp;<\/div>\n<div>Reg nr: 40103974186<\/div>\n<div class=\"moz-text-html\">PVN (VAT) nr:&nbsp;LV40103974186<\/div>\n<div>IBAN nr: LV24PARX0016979360002<\/div>\n<\/div>\n<\/div>\n<\/div>\n","protected":false},"excerpt":{"rendered":"<p>Terms of Service After finalizing your order, a confirmation e-mail will be sent, which will include the necessary information for making a bank transfer. The goods will be sent to your address, once 100% payment for your order has been received. All prices are in Euro-s and include VAT (21%), unless otherwise noted.Final invoice will [&#8230;]\n","protected":false},"author":547,"featured_media":0,"parent":0,"menu_order":0,"comment_status":"closed","ping_status":"closed","template":"page-transparent-header.php","meta":{"footnotes":""},"class_list":["post-2669","page","type-page","status-publish","hentry"],"yoast_head":"<!-- This site is optimized with the Yoast SEO plugin v26.8 - https:\/\/yoast.com\/product\/yoast-seo-wordpress\/ -->\n<title>Terms of Service - STANFORD MUSIC www.stanfordmusic.lv<\/title>\n<meta name=\"robots\" content=\"index, follow, max-snippet:-1, max-image-preview:large, max-video-preview:-1\" \/>\n<link rel=\"canonical\" href=\"https:\/\/stanfordmusic.lv\/en\/terms-of-service\/\" \/>\n<meta property=\"og:locale\" content=\"en_US\" \/>\n<meta property=\"og:type\" content=\"article\" \/>\n<meta property=\"og:title\" content=\"Terms of Service - STANFORD MUSIC www.stanfordmusic.lv\" \/>\n<meta property=\"og:description\" content=\"Terms of Service After finalizing your order, a confirmation e-mail will be sent, which will include the necessary information for making a bank transfer. The goods will be sent to your address, once 100% payment for your order has been received. All prices are in Euro-s and include VAT (21%), unless otherwise noted.Final invoice will [...]\" \/>\n<meta property=\"og:url\" content=\"https:\/\/stanfordmusic.lv\/en\/terms-of-service\/\" \/>\n<meta property=\"og:site_name\" content=\"STANFORD MUSIC\" \/>\n<meta property=\"article:publisher\" content=\"https:\/\/www.facebook.com\/stanfordmusic.lv\" \/>\n<meta property=\"article:modified_time\" content=\"2020-11-23T12:33:50+00:00\" \/>\n<meta property=\"og:image\" content=\"https:\/\/stanfordmusic.lv\/images\/stock_green.jpg\" \/>\n<meta name=\"twitter:card\" content=\"summary_large_image\" \/>\n<meta name=\"twitter:label1\" content=\"Est. reading time\" \/>\n\t<meta name=\"twitter:data1\" content=\"6 minutes\" \/>\n<script type=\"application\/ld+json\" class=\"yoast-schema-graph\">{\"@context\":\"https:\/\/schema.org\",\"@graph\":[{\"@type\":\"WebPage\",\"@id\":\"https:\/\/stanfordmusic.lv\/en\/terms-of-service\/\",\"url\":\"https:\/\/stanfordmusic.lv\/en\/terms-of-service\/\",\"name\":\"Terms of Service - STANFORD MUSIC www.stanfordmusic.lv\",\"isPartOf\":{\"@id\":\"https:\/\/stanfordmusic.lv\/#website\"},\"primaryImageOfPage\":{\"@id\":\"https:\/\/stanfordmusic.lv\/en\/terms-of-service\/#primaryimage\"},\"image\":{\"@id\":\"https:\/\/stanfordmusic.lv\/en\/terms-of-service\/#primaryimage\"},\"thumbnailUrl\":\"https:\/\/stanfordmusic.lv\/images\/stock_green.jpg\",\"datePublished\":\"2018-12-14T15:20:43+00:00\",\"dateModified\":\"2020-11-23T12:33:50+00:00\",\"breadcrumb\":{\"@id\":\"https:\/\/stanfordmusic.lv\/en\/terms-of-service\/#breadcrumb\"},\"inLanguage\":\"en-US\",\"potentialAction\":[{\"@type\":\"ReadAction\",\"target\":[\"https:\/\/stanfordmusic.lv\/en\/terms-of-service\/\"]}]},{\"@type\":\"ImageObject\",\"inLanguage\":\"en-US\",\"@id\":\"https:\/\/stanfordmusic.lv\/en\/terms-of-service\/#primaryimage\",\"url\":\"https:\/\/stanfordmusic.lv\/images\/stock_green.jpg\",\"contentUrl\":\"https:\/\/stanfordmusic.lv\/images\/stock_green.jpg\"},{\"@type\":\"BreadcrumbList\",\"@id\":\"https:\/\/stanfordmusic.lv\/en\/terms-of-service\/#breadcrumb\",\"itemListElement\":[{\"@type\":\"ListItem\",\"position\":1,\"name\":\"Home\",\"item\":\"https:\/\/stanfordmusic.lv\/en\/\"},{\"@type\":\"ListItem\",\"position\":2,\"name\":\"Terms of Service\"}]},{\"@type\":\"WebSite\",\"@id\":\"https:\/\/stanfordmusic.lv\/#website\",\"url\":\"https:\/\/stanfordmusic.lv\/\",\"name\":\"STANFORD MUSIC\",\"description\":\"M\u016bzikas instrumenti un ska\u0146as tehnika\",\"publisher\":{\"@id\":\"https:\/\/stanfordmusic.lv\/#organization\"},\"potentialAction\":[{\"@type\":\"SearchAction\",\"target\":{\"@type\":\"EntryPoint\",\"urlTemplate\":\"https:\/\/stanfordmusic.lv\/?s={search_term_string}\"},\"query-input\":{\"@type\":\"PropertyValueSpecification\",\"valueRequired\":true,\"valueName\":\"search_term_string\"}}],\"inLanguage\":\"en-US\"},{\"@type\":\"Organization\",\"@id\":\"https:\/\/stanfordmusic.lv\/#organization\",\"name\":\"Stanford Music Latvia\",\"url\":\"https:\/\/stanfordmusic.lv\/\",\"logo\":{\"@type\":\"ImageObject\",\"inLanguage\":\"en-US\",\"@id\":\"https:\/\/stanfordmusic.lv\/#\/schema\/logo\/image\/\",\"url\":\"https:\/\/stanfordmusic.lv\/wp-content\/uploads\/2018\/11\/logo-ruut-1.png\",\"contentUrl\":\"https:\/\/stanfordmusic.lv\/wp-content\/uploads\/2018\/11\/logo-ruut-1.png\",\"width\":1739,\"height\":2000,\"caption\":\"Stanford Music Latvia\"},\"image\":{\"@id\":\"https:\/\/stanfordmusic.lv\/#\/schema\/logo\/image\/\"},\"sameAs\":[\"https:\/\/www.facebook.com\/stanfordmusic.lv\",\"https:\/\/www.instagram.com\/stanfordmusic\"]}]}<\/script>\n<!-- \/ Yoast SEO plugin. -->","yoast_head_json":{"title":"Terms of Service - STANFORD MUSIC www.stanfordmusic.lv","robots":{"index":"index","follow":"follow","max-snippet":"max-snippet:-1","max-image-preview":"max-image-preview:large","max-video-preview":"max-video-preview:-1"},"canonical":"https:\/\/stanfordmusic.lv\/en\/terms-of-service\/","og_locale":"en_US","og_type":"article","og_title":"Terms of Service - STANFORD MUSIC www.stanfordmusic.lv","og_description":"Terms of Service After finalizing your order, a confirmation e-mail will be sent, which will include the necessary information for making a bank transfer. The goods will be sent to your address, once 100% payment for your order has been received. All prices are in Euro-s and include VAT (21%), unless otherwise noted.Final invoice will [...]","og_url":"https:\/\/stanfordmusic.lv\/en\/terms-of-service\/","og_site_name":"STANFORD MUSIC","article_publisher":"https:\/\/www.facebook.com\/stanfordmusic.lv","article_modified_time":"2020-11-23T12:33:50+00:00","og_image":[{"url":"https:\/\/stanfordmusic.lv\/images\/stock_green.jpg","type":"","width":"","height":""}],"twitter_card":"summary_large_image","twitter_misc":{"Est. reading time":"6 minutes"},"schema":{"@context":"https:\/\/schema.org","@graph":[{"@type":"WebPage","@id":"https:\/\/stanfordmusic.lv\/en\/terms-of-service\/","url":"https:\/\/stanfordmusic.lv\/en\/terms-of-service\/","name":"Terms of Service - STANFORD MUSIC www.stanfordmusic.lv","isPartOf":{"@id":"https:\/\/stanfordmusic.lv\/#website"},"primaryImageOfPage":{"@id":"https:\/\/stanfordmusic.lv\/en\/terms-of-service\/#primaryimage"},"image":{"@id":"https:\/\/stanfordmusic.lv\/en\/terms-of-service\/#primaryimage"},"thumbnailUrl":"https:\/\/stanfordmusic.lv\/images\/stock_green.jpg","datePublished":"2018-12-14T15:20:43+00:00","dateModified":"2020-11-23T12:33:50+00:00","breadcrumb":{"@id":"https:\/\/stanfordmusic.lv\/en\/terms-of-service\/#breadcrumb"},"inLanguage":"en-US","potentialAction":[{"@type":"ReadAction","target":["https:\/\/stanfordmusic.lv\/en\/terms-of-service\/"]}]},{"@type":"ImageObject","inLanguage":"en-US","@id":"https:\/\/stanfordmusic.lv\/en\/terms-of-service\/#primaryimage","url":"https:\/\/stanfordmusic.lv\/images\/stock_green.jpg","contentUrl":"https:\/\/stanfordmusic.lv\/images\/stock_green.jpg"},{"@type":"BreadcrumbList","@id":"https:\/\/stanfordmusic.lv\/en\/terms-of-service\/#breadcrumb","itemListElement":[{"@type":"ListItem","position":1,"name":"Home","item":"https:\/\/stanfordmusic.lv\/en\/"},{"@type":"ListItem","position":2,"name":"Terms of Service"}]},{"@type":"WebSite","@id":"https:\/\/stanfordmusic.lv\/#website","url":"https:\/\/stanfordmusic.lv\/","name":"STANFORD MUSIC","description":"M\u016bzikas instrumenti un ska\u0146as tehnika","publisher":{"@id":"https:\/\/stanfordmusic.lv\/#organization"},"potentialAction":[{"@type":"SearchAction","target":{"@type":"EntryPoint","urlTemplate":"https:\/\/stanfordmusic.lv\/?s={search_term_string}"},"query-input":{"@type":"PropertyValueSpecification","valueRequired":true,"valueName":"search_term_string"}}],"inLanguage":"en-US"},{"@type":"Organization","@id":"https:\/\/stanfordmusic.lv\/#organization","name":"Stanford Music Latvia","url":"https:\/\/stanfordmusic.lv\/","logo":{"@type":"ImageObject","inLanguage":"en-US","@id":"https:\/\/stanfordmusic.lv\/#\/schema\/logo\/image\/","url":"https:\/\/stanfordmusic.lv\/wp-content\/uploads\/2018\/11\/logo-ruut-1.png","contentUrl":"https:\/\/stanfordmusic.lv\/wp-content\/uploads\/2018\/11\/logo-ruut-1.png","width":1739,"height":2000,"caption":"Stanford Music Latvia"},"image":{"@id":"https:\/\/stanfordmusic.lv\/#\/schema\/logo\/image\/"},"sameAs":["https:\/\/www.facebook.com\/stanfordmusic.lv","https:\/\/www.instagram.com\/stanfordmusic"]}]}},"_links":{"self":[{"href":"https:\/\/stanfordmusic.lv\/en\/wp-json\/wp\/v2\/pages\/2669","targetHints":{"allow":["GET"]}}],"collection":[{"href":"https:\/\/stanfordmusic.lv\/en\/wp-json\/wp\/v2\/pages"}],"about":[{"href":"https:\/\/stanfordmusic.lv\/en\/wp-json\/wp\/v2\/types\/page"}],"author":[{"embeddable":true,"href":"https:\/\/stanfordmusic.lv\/en\/wp-json\/wp\/v2\/users\/547"}],"replies":[{"embeddable":true,"href":"https:\/\/stanfordmusic.lv\/en\/wp-json\/wp\/v2\/comments?post=2669"}],"version-history":[{"count":0,"href":"https:\/\/stanfordmusic.lv\/en\/wp-json\/wp\/v2\/pages\/2669\/revisions"}],"wp:attachment":[{"href":"https:\/\/stanfordmusic.lv\/en\/wp-json\/wp\/v2\/media?parent=2669"}],"curies":[{"name":"wp","href":"https:\/\/api.w.org\/{rel}","templated":true}]}}